{"id":67,"date":"2023-09-18T12:53:03","date_gmt":"2023-09-18T12:53:03","guid":{"rendered":"https:\/\/funlines.fi\/fun\/?page_id=67"},"modified":"2023-11-22T12:53:35","modified_gmt":"2023-11-22T10:53:35","slug":"kalenteri","status":"publish","type":"page","link":"https:\/\/funlines.fi\/fun\/kalenteri\/","title":{"rendered":"Kurssikalenteri"},"content":{"rendered":"\n<p>Eik\u00f6 l\u00f6ydy sopivaa? Ota yhteytt\u00e4 ja sumplitaan mit\u00e4 saataisiin j\u00e4rjestetty\u00e4! <\/p>\n\n\n        <div class=\"rttpg-block-postgrid rttpg-block-wrapper rttpg-block-15f668 tpg-filter-type-dropdown meta-visibility-show section-title-style-style1 img_hover_animation_default title-three-line title_position_default title_hover_border_default meta_position_default tpg-is-author-icon-default author-image-visibility-icon tpg-category-position-default readmore-btn-default-style grid-hover-overlay-type-always grid-hover-overlay-height-default hover-overlay-height-default tpg-title-border-default filter-nex-prev-btn-visible tpg-cat-style1 slider-scroll-hide act-label-style-inline\">\n            <div class=\"rt-container-fluid rt-tpg-container tpg-el-main-wrapper tpg-gutenberg clearfix grid-layout1-main\"\n                 id=\"rt-tpg-container-210908795\"\n                 data-layout=\"grid-layout1\"\n                 data-grid-style=\"tpg-full-height\" data-sc-id=\"elementor\"\n                 data-el-settings=''\n                 data-el-query=''\n                 data-el-path=''>\n\t\t\t\t                    <div id=\"bottom-script-loader\" class=\"bottom-script-loader\">\n                        <div class=\"rt-ball-clip-rotate\">\n                            <div><\/div>\n                        <\/div>\n                    <\/div>\n\t\t\t\t\t                <div class='tpg-header-wrapper '>\n\t\t\t\t\t                <\/div>\n\n                <div class=\"rt-row rt-content-loader gutenberg-inner grid-layout1 grid-behaviour tpg-full-height grid_layout_wrapper\">\n\t\t\t\t\t\n<div class=\"rt-col-md-6 rt-col-sm-6 rt-col-xs-12 default rt-grid-item post-256 post type-post status-publish format-standard has-post-thumbnail hentry category-purjehtijakurssi category-saaristopaallikkokurssi\"        data-id=\"256\">\n    <div class=\"rt-holder tpg-post-holder \">\n        <div class=\"rt-detail rt-el-content-wrapper\">\n\t\t\t                <div class=\"rt-img-holder tpg-el-image-wrap has-thumbnail\">\n\t\t\t\t\t<a data-id=\"256\" href=\"https:\/\/funlines.fi\/fun\/purjehtijaksi-2025\/\" class=\"tpg-post-link\" target=\"_self\">                        <img loading=\"lazy\" decoding=\"async\" src=\"https:\/\/funlines.fi\/fun\/wp-content\/uploads\/2023\/09\/2f57a976-a80f-44eb-9609-4aa592a07bcd-768x432.jpg\"\n                             class=\"rt-img-responsive\"\n                             width=\"750\"\n                             height=\"422\"\n                             alt=\"Purjehtijaksi 2026?\">\n\t\t\t\t\t\t\n\t\t\t\t\t\t\t\n\t\t<\/a>\n\t\t        <div class=\"overlay grid-hover-content\"><\/div>\n\t\t                <\/div>\n\t\t\t\n\t\t\t<div class=\"entry-title-wrapper\"><h4 class=\"entry-title\"><a data-id=\"256\" href=\"https:\/\/funlines.fi\/fun\/purjehtijaksi-2025\/\" class=\"tpg-post-link\" target=\"_self\">Purjehtijaksi 2026?<\/a><\/h4><\/div>\n\t\t\t                <div class=\"post-meta-tags rt-el-post-meta\">\n\t\t\t\t\t            <span class='categories-links'>\n\t\t\t\t<i class='fas fa-folder-open '><\/i><a class=\"purjehtijakurssi\" href=\"https:\/\/funlines.fi\/fun\/category\/purjehtijakurssi\/\">Purjehtijakurssi<\/a><span class=\"rt-separator\">,<\/span><a class=\"saaristopaallikkokurssi\" href=\"https:\/\/funlines.fi\/fun\/category\/saaristopaallikkokurssi\/\">Saaristop\u00e4\u00e4llikk\u00f6kurssi<\/a>\t\t\t<\/span>\n\t\t\t                <\/div>\n\t\t\t\n\t\t\t                <div class=\"tpg-excerpt tpg-el-excerpt\">\n\t\t\t\t\t                        <div class=\"tpg-excerpt-inner\">\n\t\t\t\t\t\t\tKiinnostaisiko kaveriporukkaa tai perhett\u00e4 purjehduksen aloitus? Kokoa 3-5 hengen poppoo, niin j\u00e4rjest\u00e4mme teille oman purjehtijakurssin, jonka j\u00e4lkeen kaikilla on veneilyn perusasiat hallussa. Jos joukosta l\u00f6ytyy jo kokeneempia, niin heille&#8230;                        <\/div>\n\t\t\t\t\t\t\t\t\t\t                <\/div>\n\t\t\t        <div class=\"post-footer\">\n            <div class=\"post-footer\">\n                <div class=\"read-more\">\n\t\t\t\t\t<a data-id=\"256\" href=\"https:\/\/funlines.fi\/fun\/purjehtijaksi-2025\/\" class=\"tpg-post-link\" target=\"_self\">Read More<\/a>                <\/div>\n            <\/div>\n        <\/div>\n\t\t        <\/div>\n    <\/div>\n<\/div>                <\/div>\n\n\t\t\t\t\n            <\/div>\n        <\/div>\n\t\t","protected":false},"excerpt":{"rendered":"<p>Eik\u00f6 l\u00f6ydy sopivaa? Ota yhteytt\u00e4 ja sumplitaan mit\u00e4 saataisiin j\u00e4rjestetty\u00e4!<\/p>\n","protected":false},"author":1,"featured_media":106,"parent":0,"menu_order":0,"comment_status":"closed","ping_status":"closed","template":"","meta":{"iawp_total_views":145,"footnotes":""},"class_list":["post-67","page","type-page","status-publish","has-post-thumbnail","hentry"],"rttpg_featured_image_url":{"full":["https:\/\/funlines.fi\/fun\/wp-content\/uploads\/2023\/09\/3cf17c09-0c5c-4afd-9ccd-0c0ec6867514.jpg",1920,1080,false],"landscape":["https:\/\/funlines.fi\/fun\/wp-content\/uploads\/2023\/09\/3cf17c09-0c5c-4afd-9ccd-0c0ec6867514.jpg",1920,1080,false],"portraits":["https:\/\/funlines.fi\/fun\/wp-content\/uploads\/2023\/09\/3cf17c09-0c5c-4afd-9ccd-0c0ec6867514.jpg",1920,1080,false],"thumbnail":["https:\/\/funlines.fi\/fun\/wp-content\/uploads\/2023\/09\/3cf17c09-0c5c-4afd-9ccd-0c0ec6867514-150x150.jpg",150,150,true],"medium":["https:\/\/funlines.fi\/fun\/wp-content\/uploads\/2023\/09\/3cf17c09-0c5c-4afd-9ccd-0c0ec6867514-300x169.jpg",300,169,true],"large":["https:\/\/funlines.fi\/fun\/wp-content\/uploads\/2023\/09\/3cf17c09-0c5c-4afd-9ccd-0c0ec6867514-1024x576.jpg",750,422,true],"1536x1536":["https:\/\/funlines.fi\/fun\/wp-content\/uploads\/2023\/09\/3cf17c09-0c5c-4afd-9ccd-0c0ec6867514-1536x864.jpg",1536,864,true],"2048x2048":["https:\/\/funlines.fi\/fun\/wp-content\/uploads\/2023\/09\/3cf17c09-0c5c-4afd-9ccd-0c0ec6867514.jpg",1920,1080,false],"hestia-blog":["https:\/\/funlines.fi\/fun\/wp-content\/uploads\/2023\/09\/3cf17c09-0c5c-4afd-9ccd-0c0ec6867514-360x240.jpg",360,240,true]},"rttpg_author":{"display_name":"admin","author_link":"https:\/\/funlines.fi\/fun\/author\/funlines\/"},"rttpg_comment":0,"rttpg_category":null,"rttpg_excerpt":"Eik\u00f6 l\u00f6ydy sopivaa? Ota yhteytt\u00e4 ja sumplitaan mit\u00e4 saataisiin j\u00e4rjestetty\u00e4!","_links":{"self":[{"href":"https:\/\/funlines.fi\/fun\/wp-json\/wp\/v2\/pages\/67","targetHints":{"allow":["GET"]}}],"collection":[{"href":"https:\/\/funlines.fi\/fun\/wp-json\/wp\/v2\/pages"}],"about":[{"href":"https:\/\/funlines.fi\/fun\/wp-json\/wp\/v2\/types\/page"}],"author":[{"embeddable":true,"href":"https:\/\/funlines.fi\/fun\/wp-json\/wp\/v2\/users\/1"}],"replies":[{"embeddable":true,"href":"https:\/\/funlines.fi\/fun\/wp-json\/wp\/v2\/comments?post=67"}],"version-history":[{"count":16,"href":"https:\/\/funlines.fi\/fun\/wp-json\/wp\/v2\/pages\/67\/revisions"}],"predecessor-version":[{"id":190,"href":"https:\/\/funlines.fi\/fun\/wp-json\/wp\/v2\/pages\/67\/revisions\/190"}],"wp:featuredmedia":[{"embeddable":true,"href":"https:\/\/funlines.fi\/fun\/wp-json\/wp\/v2\/media\/106"}],"wp:attachment":[{"href":"https:\/\/funlines.fi\/fun\/wp-json\/wp\/v2\/media?parent=67"}],"curies":[{"name":"wp","href":"https:\/\/api.w.org\/{rel}","templated":true}]}}