{"id":38,"date":"2023-09-03T08:36:24","date_gmt":"2023-09-03T08:36:24","guid":{"rendered":"https:\/\/funlines.fi\/fun\/?page_id=38"},"modified":"2023-09-20T12:13:27","modified_gmt":"2023-09-20T09:13:27","slug":"ryhmille","status":"publish","type":"page","link":"https:\/\/funlines.fi\/fun\/ryhmille\/","title":{"rendered":"Ryhmille"},"content":{"rendered":"\n<p>Et ole yksin kiinnostuksessa purjehdusta kohtaan? Kokoa ryhm\u00e4 3-6 hl\u00f6 ryhm\u00e4, niin j\u00e4rjest\u00e4mme teille oman kurssin! <br><br>Oman ryhm\u00e4n edut<\/p>\n\n\n\n<ul class=\"wp-block-list\">\n<li>Tutut naamat (hyv\u00e4ss\u00e4 ja pahassa&#8230;) <\/li>\n\n\n\n<li>Teoria- ja k\u00e4yt\u00e4nt\u00f6osuudet on yhdistetty yhdeksi kokonaisuudeksi <\/li>\n\n\n\n<li>Aikataulu sovitaan joustavasti <\/li>\n\n\n\n<li>Kurssit my\u00f6s syksyisin!<\/li>\n<\/ul>\n\n\n\n<p><\/p>\n","protected":false},"excerpt":{"rendered":"<p>Et ole yksin kiinnostuksessa purjehdusta kohtaan? Kokoa ryhm\u00e4 3-6 hl\u00f6 ryhm\u00e4, niin j\u00e4rjest\u00e4mme teille oman kurssin! Oman ryhm\u00e4n edut<\/p>\n","protected":false},"author":1,"featured_media":105,"parent":0,"menu_order":0,"comment_status":"closed","ping_status":"closed","template":"","meta":{"iawp_total_views":33,"footnotes":""},"class_list":["post-38","page","type-page","status-publish","has-post-thumbnail","hentry"],"rttpg_featured_image_url":{"full":["https:\/\/funlines.fi\/fun\/wp-content\/uploads\/2023\/09\/2f57a976-a80f-44eb-9609-4aa592a07bcd.jpg",1920,1080,false],"landscape":["https:\/\/funlines.fi\/fun\/wp-content\/uploads\/2023\/09\/2f57a976-a80f-44eb-9609-4aa592a07bcd.jpg",1920,1080,false],"portraits":["https:\/\/funlines.fi\/fun\/wp-content\/uploads\/2023\/09\/2f57a976-a80f-44eb-9609-4aa592a07bcd.jpg",1920,1080,false],"thumbnail":["https:\/\/funlines.fi\/fun\/wp-content\/uploads\/2023\/09\/2f57a976-a80f-44eb-9609-4aa592a07bcd-150x150.jpg",150,150,true],"medium":["https:\/\/funlines.fi\/fun\/wp-content\/uploads\/2023\/09\/2f57a976-a80f-44eb-9609-4aa592a07bcd-300x169.jpg",300,169,true],"large":["https:\/\/funlines.fi\/fun\/wp-content\/uploads\/2023\/09\/2f57a976-a80f-44eb-9609-4aa592a07bcd-1024x576.jpg",750,422,true],"1536x1536":["https:\/\/funlines.fi\/fun\/wp-content\/uploads\/2023\/09\/2f57a976-a80f-44eb-9609-4aa592a07bcd-1536x864.jpg",1536,864,true],"2048x2048":["https:\/\/funlines.fi\/fun\/wp-content\/uploads\/2023\/09\/2f57a976-a80f-44eb-9609-4aa592a07bcd.jpg",1920,1080,false],"hestia-blog":["https:\/\/funlines.fi\/fun\/wp-content\/uploads\/2023\/09\/2f57a976-a80f-44eb-9609-4aa592a07bcd-360x240.jpg",360,240,true]},"rttpg_author":{"display_name":"admin","author_link":"https:\/\/funlines.fi\/fun\/author\/funlines\/"},"rttpg_comment":0,"rttpg_category":null,"rttpg_excerpt":"Et ole yksin kiinnostuksessa purjehdusta kohtaan? Kokoa ryhm\u00e4 3-6 hl\u00f6 ryhm\u00e4, niin j\u00e4rjest\u00e4mme teille oman kurssin! Oman ryhm\u00e4n edut","_links":{"self":[{"href":"https:\/\/funlines.fi\/fun\/wp-json\/wp\/v2\/pages\/38","targetHints":{"allow":["GET"]}}],"collection":[{"href":"https:\/\/funlines.fi\/fun\/wp-json\/wp\/v2\/pages"}],"about":[{"href":"https:\/\/funlines.fi\/fun\/wp-json\/wp\/v2\/types\/page"}],"author":[{"embeddable":true,"href":"https:\/\/funlines.fi\/fun\/wp-json\/wp\/v2\/users\/1"}],"replies":[{"embeddable":true,"href":"https:\/\/funlines.fi\/fun\/wp-json\/wp\/v2\/comments?post=38"}],"version-history":[{"count":1,"href":"https:\/\/funlines.fi\/fun\/wp-json\/wp\/v2\/pages\/38\/revisions"}],"predecessor-version":[{"id":39,"href":"https:\/\/funlines.fi\/fun\/wp-json\/wp\/v2\/pages\/38\/revisions\/39"}],"wp:featuredmedia":[{"embeddable":true,"href":"https:\/\/funlines.fi\/fun\/wp-json\/wp\/v2\/media\/105"}],"wp:attachment":[{"href":"https:\/\/funlines.fi\/fun\/wp-json\/wp\/v2\/media?parent=38"}],"curies":[{"name":"wp","href":"https:\/\/api.w.org\/{rel}","templated":true}]}}