{"id":31,"date":"2023-09-03T08:25:30","date_gmt":"2023-09-03T08:25:30","guid":{"rendered":"https:\/\/funlines.fi\/fun\/?page_id=31"},"modified":"2023-11-22T12:54:16","modified_gmt":"2023-11-22T10:54:16","slug":"purjehduskurssit","status":"publish","type":"page","link":"https:\/\/funlines.fi\/fun\/purjehduskurssit\/","title":{"rendered":"Kurssisis\u00e4ll\u00f6t"},"content":{"rendered":"<div class=\"wp-block-image\">\n<figure class=\"alignright size-full is-resized\"><img loading=\"lazy\" decoding=\"async\" src=\"https:\/\/funlines.fi\/fun\/wp-content\/uploads\/2023\/09\/PORY_stamp_blue-bg-600x600-1.png\" alt=\"\" class=\"wp-image-93\" style=\"width:269px;height:269px\" width=\"269\" height=\"269\" srcset=\"https:\/\/funlines.fi\/fun\/wp-content\/uploads\/2023\/09\/PORY_stamp_blue-bg-600x600-1.png 600w, https:\/\/funlines.fi\/fun\/wp-content\/uploads\/2023\/09\/PORY_stamp_blue-bg-600x600-1-300x300.png 300w, https:\/\/funlines.fi\/fun\/wp-content\/uploads\/2023\/09\/PORY_stamp_blue-bg-600x600-1-150x150.png 150w\" sizes=\"auto, (max-width: 269px) 100vw, 269px\" \/><\/figure>\n<\/div>\n\n\n<p>Kurssit noudattavat Purjehduksenopettajat PORY ry:n kehitt\u00e4m\u00e4\u00e4 koulutusohjelmaa, joka on Traficomin auditoima. Olemme PORY:n j\u00e4senkoulu. <\/p>\n\n\n\n<h2 class=\"wp-block-heading\">Johdatus purjehdukseen<\/h2>\n\n\n\n<p>P\u00e4iv\u00e4- tai iltapurjehdus, jossa tutustutaan purjehdukseen ja toimitaan miehist\u00f6n j\u00e4senen\u00e4. Matalalla kynnyksell\u00e4 kokeilemaan lajia! <\/p>\n\n\n\n<h2 class=\"wp-block-heading\">Purjehtijakurssi<\/h2>\n\n\n\n<p>Purjehtijakurssi on tarkoitettu aloittelijoille, jotka haluavat tulla aktiivisiksi ja osaaviksi purjeveneen<br>miehist\u00f6n j\u00e4seniksi. Kurssin j\u00e4lkeen osallistuja kykenee k\u00e4sittelem\u00e4\u00e4n purjeita ja ohjaamaan venett\u00e4, ja<br>osallistumaan kannella ja sis\u00e4ll\u00e4 tapahtuviin p\u00e4ivitt\u00e4isiin teht\u00e4viin. Kurssille ei tarvita aikaisempaa kokemusta purjehduksesta tai veneilyst\u00e4. <\/p>\n\n\n\n<p><\/p>\n\n\n\n<h2 class=\"wp-block-heading\">Saaristop\u00e4\u00e4llikk\u00f6kurssi<\/h2>\n\n\n\n<p>Saaristop\u00e4\u00e4llikk\u00f6kurssi antaa perusvalmiudet toimia purjeveneen kipparina. Tavoiteltu osaamistaso on<br>purjeveneen kipparointi tutuilla vesill\u00e4 p\u00e4iv\u00e4saikaan. <\/p>\n\n\n\n<p>Saaristop\u00e4\u00e4llikk\u00f6kurssille osallistumiseen vaaditaan aikaisempaa purjehduskokemusta miehist\u00f6n j\u00e4senen\u00e4. Suositeltu purjehduskokemus ennen kurssille osallistumista on v\u00e4hint\u00e4\u00e4n 100 merimailia.<br>Saaristop\u00e4\u00e4llikk\u00f6kurssille osallistuminen edellytt\u00e4\u00e4 saaristop\u00e4\u00e4llikk\u00f6kurssin navigointiteorian tasoista<br>tiet\u00e4myst\u00e4. <\/p>\n\n\n\n<p><\/p>\n","protected":false},"excerpt":{"rendered":"<p>Kurssit noudattavat Purjehduksenopettajat PORY ry:n kehitt\u00e4m\u00e4\u00e4 koulutusohjelmaa, joka on Traficomin auditoima. Olemme PORY:n j\u00e4senkoulu. Johdatus purjehdukseen P\u00e4iv\u00e4- tai iltapurjehdus, jossa tutustutaan purjehdukseen ja toimitaan miehist\u00f6n j\u00e4senen\u00e4. Matalalla kynnyksell\u00e4 kokeilemaan lajia! Purjehtijakurssi Purjehtijakurssi on tarkoitettu aloittelijoille, jotka haluavat tulla aktiivisiksi ja osaaviksi purjeveneenmiehist\u00f6n j\u00e4seniksi. Kurssin j\u00e4lkeen osallistuja kykenee k\u00e4sittelem\u00e4\u00e4n purjeita ja [&hellip;]<\/p>\n","protected":false},"author":1,"featured_media":107,"parent":0,"menu_order":0,"comment_status":"closed","ping_status":"closed","template":"","meta":{"iawp_total_views":67,"footnotes":""},"class_list":["post-31","page","type-page","status-publish","has-post-thumbnail","hentry"],"rttpg_featured_image_url":{"full":["https:\/\/funlines.fi\/fun\/wp-content\/uploads\/2023\/09\/ec15c551-5a8f-4c10-930c-f0fffee64942.jpg",1920,1080,false],"landscape":["https:\/\/funlines.fi\/fun\/wp-content\/uploads\/2023\/09\/ec15c551-5a8f-4c10-930c-f0fffee64942.jpg",1920,1080,false],"portraits":["https:\/\/funlines.fi\/fun\/wp-content\/uploads\/2023\/09\/ec15c551-5a8f-4c10-930c-f0fffee64942.jpg",1920,1080,false],"thumbnail":["https:\/\/funlines.fi\/fun\/wp-content\/uploads\/2023\/09\/ec15c551-5a8f-4c10-930c-f0fffee64942-150x150.jpg",150,150,true],"medium":["https:\/\/funlines.fi\/fun\/wp-content\/uploads\/2023\/09\/ec15c551-5a8f-4c10-930c-f0fffee64942-300x169.jpg",300,169,true],"large":["https:\/\/funlines.fi\/fun\/wp-content\/uploads\/2023\/09\/ec15c551-5a8f-4c10-930c-f0fffee64942-1024x576.jpg",750,422,true],"1536x1536":["https:\/\/funlines.fi\/fun\/wp-content\/uploads\/2023\/09\/ec15c551-5a8f-4c10-930c-f0fffee64942-1536x864.jpg",1536,864,true],"2048x2048":["https:\/\/funlines.fi\/fun\/wp-content\/uploads\/2023\/09\/ec15c551-5a8f-4c10-930c-f0fffee64942.jpg",1920,1080,false],"hestia-blog":["https:\/\/funlines.fi\/fun\/wp-content\/uploads\/2023\/09\/ec15c551-5a8f-4c10-930c-f0fffee64942-360x240.jpg",360,240,true]},"rttpg_author":{"display_name":"admin","author_link":"https:\/\/funlines.fi\/fun\/author\/funlines\/"},"rttpg_comment":0,"rttpg_category":null,"rttpg_excerpt":"Kurssit noudattavat Purjehduksenopettajat PORY ry:n kehitt\u00e4m\u00e4\u00e4 koulutusohjelmaa, joka on Traficomin auditoima. Olemme PORY:n j\u00e4senkoulu. Johdatus purjehdukseen P\u00e4iv\u00e4- tai iltapurjehdus, jossa tutustutaan purjehdukseen ja toimitaan miehist\u00f6n j\u00e4senen\u00e4. Matalalla kynnyksell\u00e4 kokeilemaan lajia! Purjehtijakurssi Purjehtijakurssi on tarkoitettu aloittelijoille, jotka haluavat tulla aktiivisiksi ja osaaviksi purjeveneenmiehist\u00f6n j\u00e4seniksi. Kurssin j\u00e4lkeen osallistuja kykenee k\u00e4sittelem\u00e4\u00e4n purjeita ja [&hellip;]","_links":{"self":[{"href":"https:\/\/funlines.fi\/fun\/wp-json\/wp\/v2\/pages\/31","targetHints":{"allow":["GET"]}}],"collection":[{"href":"https:\/\/funlines.fi\/fun\/wp-json\/wp\/v2\/pages"}],"about":[{"href":"https:\/\/funlines.fi\/fun\/wp-json\/wp\/v2\/types\/page"}],"author":[{"embeddable":true,"href":"https:\/\/funlines.fi\/fun\/wp-json\/wp\/v2\/users\/1"}],"replies":[{"embeddable":true,"href":"https:\/\/funlines.fi\/fun\/wp-json\/wp\/v2\/comments?post=31"}],"version-history":[{"count":4,"href":"https:\/\/funlines.fi\/fun\/wp-json\/wp\/v2\/pages\/31\/revisions"}],"predecessor-version":[{"id":191,"href":"https:\/\/funlines.fi\/fun\/wp-json\/wp\/v2\/pages\/31\/revisions\/191"}],"wp:featuredmedia":[{"embeddable":true,"href":"https:\/\/funlines.fi\/fun\/wp-json\/wp\/v2\/media\/107"}],"wp:attachment":[{"href":"https:\/\/funlines.fi\/fun\/wp-json\/wp\/v2\/media?parent=31"}],"curies":[{"name":"wp","href":"https:\/\/api.w.org\/{rel}","templated":true}]}}